{"id":3450,"date":"2023-09-29T15:39:55","date_gmt":"2023-09-29T13:39:55","guid":{"rendered":"https:\/\/mentale.com.cy\/?post_type=product&#038;p=3450"},"modified":"2025-05-02T11:18:24","modified_gmt":"2025-05-02T09:18:24","slug":"t-e-w-l-serum-30ml","status":"publish","type":"product","link":"https:\/\/mentale.com.cy\/el\/shop\/biologique-recherche\/targeted-serums\/t-e-w-l-serum-30ml\/","title":{"rendered":"T.E.W.L.SERUM 30ml"},"content":{"rendered":"<p>Lipid-replenishing \u201cshield\u201d for the face<\/p>\n<p>Serum<\/p>\n<p>\u2022 PROTECTIVE \u2022 LIPID-REPLENISHING \u2022 REPAIRING<\/p>\n<p>S\u00e9rum T.E.W.L. is formulated with an ultra-high concentration of precious lipid-replenishing, repairing and protective oils. The combined action of its active ingredients restores a strong cutaneous barrier and strengthens the hydrolipidic film so skin is better able to shield itself from external aggressions. The serum\u2019s formula envelops skin like an epidermal shield, providing intense nourishment and supreme comfort. Once repaired and protected, the epidermis maintains an optimal level of hydration.<\/p>\n<p>Recommended for Skin Instants\u00a9 that are lacking in lipids and nutrients.<\/p>\n<p>Instructions for use<\/p>\n<p>1. After using Cr\u00e8me Dermo-RL, apply 4 drops instead of the usual Finishing Serum to the entire face, neck and d\u00e9collet\u00e9 and massage in with fingertips until completely absorbed<\/p>\n<p>2. As an intensive treatment: 2 to 3 times a week, morning and\/or night, for about 28 days<\/p>\n<p>Precautions for use<\/p>\n<p>Avoid contact with eyes or mucous membrane. In case of contact, rinse thoroughly with clean water. Do not apply to children\u2019s skin. For external use only.<\/p>","protected":false},"excerpt":{"rendered":"<p>Lipid-replenishing \u201cshield\u201d for the face<\/p>","protected":false},"featured_media":3619,"template":"","meta":[],"product_brand":[],"product_cat":[33,44],"product_tag":[],"class_list":{"0":"post-3450","1":"product","2":"type-product","3":"status-publish","4":"has-post-thumbnail","6":"product_cat-biologique-recherche","7":"product_cat-targeted-serums","9":"first","10":"instock","11":"taxable","12":"shipping-taxable","13":"product-type-simple"},"acf":[],"aioseo_notices":[],"jetpack_sharing_enabled":true,"_links":{"self":[{"href":"https:\/\/mentale.com.cy\/el\/wp-json\/wp\/v2\/product\/3450","targetHints":{"allow":["GET"]}}],"collection":[{"href":"https:\/\/mentale.com.cy\/el\/wp-json\/wp\/v2\/product"}],"about":[{"href":"https:\/\/mentale.com.cy\/el\/wp-json\/wp\/v2\/types\/product"}],"version-history":[{"count":1,"href":"https:\/\/mentale.com.cy\/el\/wp-json\/wp\/v2\/product\/3450\/revisions"}],"predecessor-version":[{"id":4930,"href":"https:\/\/mentale.com.cy\/el\/wp-json\/wp\/v2\/product\/3450\/revisions\/4930"}],"wp:featuredmedia":[{"embeddable":true,"href":"https:\/\/mentale.com.cy\/el\/wp-json\/wp\/v2\/media\/3619"}],"wp:attachment":[{"href":"https:\/\/mentale.com.cy\/el\/wp-json\/wp\/v2\/media?parent=3450"}],"wp:term":[{"taxonomy":"product_brand","embeddable":true,"href":"https:\/\/mentale.com.cy\/el\/wp-json\/wp\/v2\/product_brand?post=3450"},{"taxonomy":"product_cat","embeddable":true,"href":"https:\/\/mentale.com.cy\/el\/wp-json\/wp\/v2\/product_cat?post=3450"},{"taxonomy":"product_tag","embeddable":true,"href":"https:\/\/mentale.com.cy\/el\/wp-json\/wp\/v2\/product_tag?post=3450"}],"curies":[{"name":"wp","href":"https:\/\/api.w.org\/{rel}","templated":true}]}}