{"id":3459,"date":"2023-09-29T17:51:11","date_gmt":"2023-09-29T15:51:11","guid":{"rendered":"https:\/\/mentale.com.cy\/?post_type=product&#038;p=3459"},"modified":"2025-05-02T11:24:29","modified_gmt":"2025-05-02T09:24:29","slug":"cream-hydravit-s","status":"publish","type":"product","link":"https:\/\/mentale.com.cy\/el\/shop\/biologique-recherche\/essential-creams\/cream-hydravit-s\/","title":{"rendered":"CREAM HYDRAVIT \u2018S"},"content":{"rendered":"<p>Moisturizing face cream<\/p>\n<p>Cream<\/p>\n<p>\u2022 MOISTURIZING \u2022 REVITALIZING \u2022 ENERGIZING<\/p>\n<p>Cr\u00e8me Hydravit\u2019S is the ultimate in moisturizing skincare. It acts on several levels to infuse the epidermis with deep-down, instant yet long-lasting hydration. Its revitalizing active ingredients promote cell renewal to regenerate the skin and recharge it with energy. Skin is soothed and feels more comfortable, with a fresh glow.<\/p>\n<p>Recommended for dehydrated Skin Instants\u00a9 that have lost vitality.<\/p>\n<p>Instructions for use<\/p>\n<p>1. Apply a small amount of product in the morning and\/or at night to the entire face, neck and d\u00e9collet\u00e9, after using the milk and the recommended P50 Lotion and the S\u00e9rums Authentiques<\/p>\n<p>Precautions for use<\/p>\n<p>Avoid the area around the eyes. Do not use on children under 3. For external use only.<\/p>\n<p>Format<\/p>\n<p>50 ml<\/p>\n<p>As each of our products is designed for a specific Skin Instant\u00a9,<br \/>\nthey are only available after undergoing a skin analysis in one of our Biologique Recherche centers.<\/p>","protected":false},"excerpt":{"rendered":"<p>Moisturizing face cream<\/p>","protected":false},"featured_media":3606,"template":"","meta":[],"product_brand":[],"product_cat":[33,35],"product_tag":[],"class_list":{"0":"post-3459","1":"product","2":"type-product","3":"status-publish","4":"has-post-thumbnail","6":"product_cat-biologique-recherche","7":"product_cat-essential-creams","9":"first","10":"instock","11":"taxable","12":"shipping-taxable","13":"product-type-simple"},"acf":[],"aioseo_notices":[],"jetpack_sharing_enabled":true,"_links":{"self":[{"href":"https:\/\/mentale.com.cy\/el\/wp-json\/wp\/v2\/product\/3459","targetHints":{"allow":["GET"]}}],"collection":[{"href":"https:\/\/mentale.com.cy\/el\/wp-json\/wp\/v2\/product"}],"about":[{"href":"https:\/\/mentale.com.cy\/el\/wp-json\/wp\/v2\/types\/product"}],"version-history":[{"count":1,"href":"https:\/\/mentale.com.cy\/el\/wp-json\/wp\/v2\/product\/3459\/revisions"}],"predecessor-version":[{"id":4938,"href":"https:\/\/mentale.com.cy\/el\/wp-json\/wp\/v2\/product\/3459\/revisions\/4938"}],"wp:featuredmedia":[{"embeddable":true,"href":"https:\/\/mentale.com.cy\/el\/wp-json\/wp\/v2\/media\/3606"}],"wp:attachment":[{"href":"https:\/\/mentale.com.cy\/el\/wp-json\/wp\/v2\/media?parent=3459"}],"wp:term":[{"taxonomy":"product_brand","embeddable":true,"href":"https:\/\/mentale.com.cy\/el\/wp-json\/wp\/v2\/product_brand?post=3459"},{"taxonomy":"product_cat","embeddable":true,"href":"https:\/\/mentale.com.cy\/el\/wp-json\/wp\/v2\/product_cat?post=3459"},{"taxonomy":"product_tag","embeddable":true,"href":"https:\/\/mentale.com.cy\/el\/wp-json\/wp\/v2\/product_tag?post=3459"}],"curies":[{"name":"wp","href":"https:\/\/api.w.org\/{rel}","templated":true}]}}