{"id":3460,"date":"2023-09-29T17:51:12","date_gmt":"2023-09-29T15:51:12","guid":{"rendered":"https:\/\/mentale.com.cy\/?post_type=product&#038;p=3460"},"modified":"2025-05-02T11:24:39","modified_gmt":"2025-05-02T09:24:39","slug":"vg-derm","status":"publish","type":"product","link":"https:\/\/mentale.com.cy\/el\/shop\/biologique-recherche\/essential-creams\/vg-derm\/","title":{"rendered":"VG DERM"},"content":{"rendered":"<p>Nourishing and moisturizing face cream<\/p>\n<p>Cream<\/p>\n<p>\u2022 MOISTURIZING \u2022 NOURISHING \u2022 COMFORTING<\/p>\n<p>Enriched with nourishing and moisturizing active ingredients, Cr\u00e8me VG Derm helps replenish the lipids in the skin and strengthen its natural barrier to limit water loss from the epidermis. It delivers optimal, long-lasting hydration to the epidermis \u2013 even in the driest areas. Skin is relieved of any feelings of tightness, and generally feels moisturized and comfortable.<\/p>\n<p>Recommended for Skin Instants\u00a9 that are very dehydrated and lacking in nourishment.<\/p>\n<p>Instructions for use<\/p>\n<p>1. Apply a small amount of product in the morning and\/or at night to the entire face, neck and d\u00e9collet\u00e9, after using the milk and the recommended P50 Lotion and the S\u00e9rums Authentiques<\/p>\n<p>Precautions for use<\/p>\n<p>Avoid the area around the eyes. Do not use on children under 3. For external use only.<\/p>\n<p>Format<\/p>\n<p>50 ml<\/p>\n<p>As each of our products is designed for a specific Skin Instant\u00a9,<br \/>\nthey are only available after undergoing a skin analysis in one of our Biologique Recherche centers.<\/p>","protected":false},"excerpt":{"rendered":"<p>Nourishing and moisturizing face cream<\/p>","protected":false},"featured_media":3598,"template":"","meta":[],"product_brand":[],"product_cat":[33,35],"product_tag":[],"class_list":{"0":"post-3460","1":"product","2":"type-product","3":"status-publish","4":"has-post-thumbnail","6":"product_cat-biologique-recherche","7":"product_cat-essential-creams","9":"first","10":"instock","11":"taxable","12":"shipping-taxable","13":"product-type-simple"},"acf":[],"aioseo_notices":[],"jetpack_sharing_enabled":true,"_links":{"self":[{"href":"https:\/\/mentale.com.cy\/el\/wp-json\/wp\/v2\/product\/3460","targetHints":{"allow":["GET"]}}],"collection":[{"href":"https:\/\/mentale.com.cy\/el\/wp-json\/wp\/v2\/product"}],"about":[{"href":"https:\/\/mentale.com.cy\/el\/wp-json\/wp\/v2\/types\/product"}],"version-history":[{"count":2,"href":"https:\/\/mentale.com.cy\/el\/wp-json\/wp\/v2\/product\/3460\/revisions"}],"predecessor-version":[{"id":4939,"href":"https:\/\/mentale.com.cy\/el\/wp-json\/wp\/v2\/product\/3460\/revisions\/4939"}],"wp:featuredmedia":[{"embeddable":true,"href":"https:\/\/mentale.com.cy\/el\/wp-json\/wp\/v2\/media\/3598"}],"wp:attachment":[{"href":"https:\/\/mentale.com.cy\/el\/wp-json\/wp\/v2\/media?parent=3460"}],"wp:term":[{"taxonomy":"product_brand","embeddable":true,"href":"https:\/\/mentale.com.cy\/el\/wp-json\/wp\/v2\/product_brand?post=3460"},{"taxonomy":"product_cat","embeddable":true,"href":"https:\/\/mentale.com.cy\/el\/wp-json\/wp\/v2\/product_cat?post=3460"},{"taxonomy":"product_tag","embeddable":true,"href":"https:\/\/mentale.com.cy\/el\/wp-json\/wp\/v2\/product_tag?post=3460"}],"curies":[{"name":"wp","href":"https:\/\/api.w.org\/{rel}","templated":true}]}}