{"id":3461,"date":"2023-09-29T17:51:12","date_gmt":"2023-09-29T15:51:12","guid":{"rendered":"https:\/\/mentale.com.cy\/?post_type=product&#038;p=3461"},"modified":"2025-05-02T11:24:49","modified_gmt":"2025-05-02T09:24:49","slug":"cream-iso-placenta","status":"publish","type":"product","link":"https:\/\/mentale.com.cy\/el\/shop\/biologique-recherche\/essential-creams\/cream-iso-placenta\/","title":{"rendered":"CREAM ISO PLACENTA"},"content":{"rendered":"<p>Regenerating face cream<\/p>\n<p>Cream<\/p>\n<p>\u2022 SMOOTHING \u2022 REGENERATING \u2022 EVENING<\/p>\n<p>Cr\u00e8me Iso-Placenta* provides intense regenerative skincare, specifically acting on acne-prone skin. It promotes cell regeneration to diminish the appearance of imperfections caused by acne, deeply nourishing skin tissue through biomimicking the properties of the human placenta. Acne scarring is healed and the skin surface becomes more even with less redness.<\/p>\n<p>Recommended for Skin Instants\u00a9 showing traces of acne.<br \/>\n*Iso-Placenta: biomimicry of placenta polypeptides.<\/p>\n<p>Instructions for use<\/p>\n<p>1. Apply a small amount of product in the morning and\/or at night to the entire face, neck and d\u00e9collet\u00e9, after using the milk and the recommended P50 Lotion and the S\u00e9rums Authentiques<\/p>\n<p>Precautions for use<\/p>\n<p>Avoid the area around the eyes. For external use only.<\/p>\n<p>Format<\/p>\n<p>100ml<\/p>\n<p>As each of our products is designed for a specific Skin Instant\u00a9,<br \/>\nthey are only available after undergoing a skin analysis in one of our Biologique Recherche centers.<\/p>","protected":false},"excerpt":{"rendered":"<p>Regenerating face cream<\/p>","protected":false},"featured_media":3600,"template":"","meta":[],"product_brand":[],"product_cat":[33,35],"product_tag":[],"class_list":{"0":"post-3461","1":"product","2":"type-product","3":"status-publish","4":"has-post-thumbnail","6":"product_cat-biologique-recherche","7":"product_cat-essential-creams","9":"first","10":"instock","11":"featured","12":"taxable","13":"shipping-taxable","14":"product-type-simple"},"acf":[],"aioseo_notices":[],"jetpack_sharing_enabled":true,"_links":{"self":[{"href":"https:\/\/mentale.com.cy\/el\/wp-json\/wp\/v2\/product\/3461","targetHints":{"allow":["GET"]}}],"collection":[{"href":"https:\/\/mentale.com.cy\/el\/wp-json\/wp\/v2\/product"}],"about":[{"href":"https:\/\/mentale.com.cy\/el\/wp-json\/wp\/v2\/types\/product"}],"version-history":[{"count":2,"href":"https:\/\/mentale.com.cy\/el\/wp-json\/wp\/v2\/product\/3461\/revisions"}],"predecessor-version":[{"id":3791,"href":"https:\/\/mentale.com.cy\/el\/wp-json\/wp\/v2\/product\/3461\/revisions\/3791"}],"wp:featuredmedia":[{"embeddable":true,"href":"https:\/\/mentale.com.cy\/el\/wp-json\/wp\/v2\/media\/3600"}],"wp:attachment":[{"href":"https:\/\/mentale.com.cy\/el\/wp-json\/wp\/v2\/media?parent=3461"}],"wp:term":[{"taxonomy":"product_brand","embeddable":true,"href":"https:\/\/mentale.com.cy\/el\/wp-json\/wp\/v2\/product_brand?post=3461"},{"taxonomy":"product_cat","embeddable":true,"href":"https:\/\/mentale.com.cy\/el\/wp-json\/wp\/v2\/product_cat?post=3461"},{"taxonomy":"product_tag","embeddable":true,"href":"https:\/\/mentale.com.cy\/el\/wp-json\/wp\/v2\/product_tag?post=3461"}],"curies":[{"name":"wp","href":"https:\/\/api.w.org\/{rel}","templated":true}]}}