{"id":3463,"date":"2023-09-29T17:51:12","date_gmt":"2023-09-29T15:51:12","guid":{"rendered":"https:\/\/mentale.com.cy\/?post_type=product&#038;p=3463"},"modified":"2025-05-02T11:26:32","modified_gmt":"2025-05-02T09:26:32","slug":"creme-grand-millesime","status":"publish","type":"product","link":"https:\/\/mentale.com.cy\/el\/shop\/biologique-recherche\/intensive-creams\/creme-grand-millesime\/","title":{"rendered":"CR\u00c8ME GRAND MILLESIME"},"content":{"rendered":"<p>Radiance revitalizing face cream<\/p>\n<p>Cream<\/p>\n<p>\u2022 ILLUMINATING \u2022 REVITALIZING \u2022 REGENERATING<\/p>\n<p>Cr\u00e8me Grand Mill\u00e9sime is a multi-function cream that revitalizes and illuminates the complexion.<\/p>\n<p>Recommended for Skin Instants\u00a9 that have lost vitality.<\/p>\n<p>Instructions for use<\/p>\n<p>1. Apply a small amount of product in the morning and\/or at night to the entire face, neck and d\u00e9collet\u00e9, after using the milk and the recommended P50 Lotion and the S\u00e9rums Authentiques<\/p>\n<p>Precautions for use<\/p>\n<p>Avoid the area around the eyes. Do not use on children under 3.<\/p>\n<p>Format<\/p>\n<p>50 ml<\/p>\n<p>As each of our products is designed for a specific Skin Instant\u00a9,<br \/>\nthey are only available after undergoing a skin analysis in one of our Biologique Recherche centers.<\/p>","protected":false},"excerpt":{"rendered":"<p>Radiance revitalizing face cream<\/p>","protected":false},"featured_media":3602,"template":"","meta":[],"product_brand":[],"product_cat":[33,38],"product_tag":[],"class_list":{"0":"post-3463","1":"product","2":"type-product","3":"status-publish","4":"has-post-thumbnail","6":"product_cat-biologique-recherche","7":"product_cat-intensive-creams","9":"first","10":"instock","11":"taxable","12":"shipping-taxable","13":"product-type-simple"},"acf":[],"aioseo_notices":[],"jetpack_sharing_enabled":true,"_links":{"self":[{"href":"https:\/\/mentale.com.cy\/el\/wp-json\/wp\/v2\/product\/3463","targetHints":{"allow":["GET"]}}],"collection":[{"href":"https:\/\/mentale.com.cy\/el\/wp-json\/wp\/v2\/product"}],"about":[{"href":"https:\/\/mentale.com.cy\/el\/wp-json\/wp\/v2\/types\/product"}],"version-history":[{"count":1,"href":"https:\/\/mentale.com.cy\/el\/wp-json\/wp\/v2\/product\/3463\/revisions"}],"predecessor-version":[{"id":4941,"href":"https:\/\/mentale.com.cy\/el\/wp-json\/wp\/v2\/product\/3463\/revisions\/4941"}],"wp:featuredmedia":[{"embeddable":true,"href":"https:\/\/mentale.com.cy\/el\/wp-json\/wp\/v2\/media\/3602"}],"wp:attachment":[{"href":"https:\/\/mentale.com.cy\/el\/wp-json\/wp\/v2\/media?parent=3463"}],"wp:term":[{"taxonomy":"product_brand","embeddable":true,"href":"https:\/\/mentale.com.cy\/el\/wp-json\/wp\/v2\/product_brand?post=3463"},{"taxonomy":"product_cat","embeddable":true,"href":"https:\/\/mentale.com.cy\/el\/wp-json\/wp\/v2\/product_cat?post=3463"},{"taxonomy":"product_tag","embeddable":true,"href":"https:\/\/mentale.com.cy\/el\/wp-json\/wp\/v2\/product_tag?post=3463"}],"curies":[{"name":"wp","href":"https:\/\/api.w.org\/{rel}","templated":true}]}}