{"id":3466,"date":"2023-09-29T17:51:13","date_gmt":"2023-09-29T15:51:13","guid":{"rendered":"https:\/\/mentale.com.cy\/?post_type=product&#038;p=3466"},"modified":"2025-05-02T11:27:15","modified_gmt":"2025-05-02T09:27:15","slug":"emulsion-originelle-regenerante","status":"publish","type":"product","link":"https:\/\/mentale.com.cy\/el\/shop\/biologique-recherche\/intensive-creams\/emulsion-originelle-regenerante\/","title":{"rendered":"EMULSION ORIGINELLE REGENERANTE"},"content":{"rendered":"<p>Regenerating and moisturizing cream for the face<\/p>\n<p>Emulsion<\/p>\n<p>\u2022 MOISTURIZING \u2022 NOURISHING \u2022 REGENERATING<\/p>\n<p>Emulsion Originelle R\u00e9g\u00e9n\u00e9rante is a rich and soothing cream for the face. Made with macadamia oil and plant-derived squalane, this face cream regenerates skin\u2019s natural lipidic barrier while protecting it from environmental damage. When applied, it instantly makes the skin look more even and the complexion brighter.<\/p>\n<p>Recommended for dehydrated Skin Instants\u00a9 and\/or those lacking in lipids.<\/p>\n<p>Instructions for use<\/p>\n<p>1. Apply a small amount of product in the morning and\/or at night to the entire face, neck and d\u00e9collet\u00e9, after using the milk and the recommended P50 Lotion and the S\u00e9rums Authentiques<\/p>\n<p>Precautions for use<\/p>\n<p>Do not use on seborrhea-prone skin. For external use only.<\/p>\n<p>Format<\/p>\n<p>50 ml<\/p>\n<p>As each of our products is designed for a specific Skin Instant\u00a9,<br \/>\nthey are only available after undergoing a skin analysis in one of our Biologique Recherche centers.<\/p>","protected":false},"excerpt":{"rendered":"<p>Regenerating and moisturizing cream for the face<\/p>","protected":false},"featured_media":3589,"template":"","meta":[],"product_brand":[],"product_cat":[33,38],"product_tag":[],"class_list":{"0":"post-3466","1":"product","2":"type-product","3":"status-publish","4":"has-post-thumbnail","6":"product_cat-biologique-recherche","7":"product_cat-intensive-creams","9":"first","10":"instock","11":"taxable","12":"shipping-taxable","13":"product-type-simple"},"acf":[],"aioseo_notices":[],"jetpack_sharing_enabled":true,"_links":{"self":[{"href":"https:\/\/mentale.com.cy\/el\/wp-json\/wp\/v2\/product\/3466","targetHints":{"allow":["GET"]}}],"collection":[{"href":"https:\/\/mentale.com.cy\/el\/wp-json\/wp\/v2\/product"}],"about":[{"href":"https:\/\/mentale.com.cy\/el\/wp-json\/wp\/v2\/types\/product"}],"version-history":[{"count":2,"href":"https:\/\/mentale.com.cy\/el\/wp-json\/wp\/v2\/product\/3466\/revisions"}],"predecessor-version":[{"id":4944,"href":"https:\/\/mentale.com.cy\/el\/wp-json\/wp\/v2\/product\/3466\/revisions\/4944"}],"wp:featuredmedia":[{"embeddable":true,"href":"https:\/\/mentale.com.cy\/el\/wp-json\/wp\/v2\/media\/3589"}],"wp:attachment":[{"href":"https:\/\/mentale.com.cy\/el\/wp-json\/wp\/v2\/media?parent=3466"}],"wp:term":[{"taxonomy":"product_brand","embeddable":true,"href":"https:\/\/mentale.com.cy\/el\/wp-json\/wp\/v2\/product_brand?post=3466"},{"taxonomy":"product_cat","embeddable":true,"href":"https:\/\/mentale.com.cy\/el\/wp-json\/wp\/v2\/product_cat?post=3466"},{"taxonomy":"product_tag","embeddable":true,"href":"https:\/\/mentale.com.cy\/el\/wp-json\/wp\/v2\/product_tag?post=3466"}],"curies":[{"name":"wp","href":"https:\/\/api.w.org\/{rel}","templated":true}]}}