{"id":3467,"date":"2023-09-29T17:51:13","date_gmt":"2023-09-29T15:51:13","guid":{"rendered":"https:\/\/mentale.com.cy\/?post_type=product&#038;p=3467"},"modified":"2025-05-02T11:27:26","modified_gmt":"2025-05-02T09:27:26","slug":"cream-vip-02","status":"publish","type":"product","link":"https:\/\/mentale.com.cy\/el\/shop\/biologique-recherche\/intensive-creams\/cream-vip-02\/","title":{"rendered":"CREAM VIP 02"},"content":{"rendered":"<p>Oxygenating and anti-pollution cream<\/p>\n<p>Cream<\/p>\n<p>\u2022 ANTI POLLUTION \u2022 OXYGENATING \u2022 REGENERATING<\/p>\n<p>Cr\u00e8me VIP 02 is rich in active ingredients that combat pollution damage by capturing the polluting agents on the epidermis. It protects the skin from oxidative stress. This cream restores radiance and brightness to dull complexions, while also regenerating the epidermis.<\/p>\n<p>Recommended for asphyxiated, dull Skin Instants\u00a9 that are exposed to pollution.<\/p>\n<p>Instructions for use<\/p>\n<p>1. Apply a small amount of product in the morning and\/or at night to the entire face, neck and d\u00e9collet\u00e9, after using the milk and the recommended P50 Lotion and the S\u00e9rums Authentiques<\/p>\n<p>Precautions for use<\/p>\n<p>Do not use on children under 3. For external use only.<\/p>\n<p>Format<\/p>\n<p>50 ml<\/p>\n<p>As each of our products is designed for a specific Skin Instant\u00a9,<br \/>\nthey are only available after undergoing a skin analysis in one of our Biologique Recherche centers.<\/p>","protected":false},"excerpt":{"rendered":"<p>Oxygenating and anti-pollution cream<\/p>","protected":false},"featured_media":3591,"template":"","meta":[],"product_brand":[],"product_cat":[33,38],"product_tag":[],"class_list":{"0":"post-3467","1":"product","2":"type-product","3":"status-publish","4":"has-post-thumbnail","6":"product_cat-biologique-recherche","7":"product_cat-intensive-creams","9":"first","10":"instock","11":"taxable","12":"shipping-taxable","13":"product-type-simple"},"acf":[],"aioseo_notices":[],"jetpack_sharing_enabled":true,"_links":{"self":[{"href":"https:\/\/mentale.com.cy\/el\/wp-json\/wp\/v2\/product\/3467","targetHints":{"allow":["GET"]}}],"collection":[{"href":"https:\/\/mentale.com.cy\/el\/wp-json\/wp\/v2\/product"}],"about":[{"href":"https:\/\/mentale.com.cy\/el\/wp-json\/wp\/v2\/types\/product"}],"version-history":[{"count":1,"href":"https:\/\/mentale.com.cy\/el\/wp-json\/wp\/v2\/product\/3467\/revisions"}],"predecessor-version":[{"id":4945,"href":"https:\/\/mentale.com.cy\/el\/wp-json\/wp\/v2\/product\/3467\/revisions\/4945"}],"wp:featuredmedia":[{"embeddable":true,"href":"https:\/\/mentale.com.cy\/el\/wp-json\/wp\/v2\/media\/3591"}],"wp:attachment":[{"href":"https:\/\/mentale.com.cy\/el\/wp-json\/wp\/v2\/media?parent=3467"}],"wp:term":[{"taxonomy":"product_brand","embeddable":true,"href":"https:\/\/mentale.com.cy\/el\/wp-json\/wp\/v2\/product_brand?post=3467"},{"taxonomy":"product_cat","embeddable":true,"href":"https:\/\/mentale.com.cy\/el\/wp-json\/wp\/v2\/product_cat?post=3467"},{"taxonomy":"product_tag","embeddable":true,"href":"https:\/\/mentale.com.cy\/el\/wp-json\/wp\/v2\/product_tag?post=3467"}],"curies":[{"name":"wp","href":"https:\/\/api.w.org\/{rel}","templated":true}]}}