{"id":3469,"date":"2023-09-29T17:51:13","date_gmt":"2023-09-29T15:51:13","guid":{"rendered":"https:\/\/mentale.com.cy\/?post_type=product&#038;p=3469"},"modified":"2025-05-02T11:27:55","modified_gmt":"2025-05-02T09:27:55","slug":"creme-dermo-rl","status":"publish","type":"product","link":"https:\/\/mentale.com.cy\/el\/shop\/biologique-recherche\/intensive-creams\/creme-dermo-rl\/","title":{"rendered":"CREME DERMO RL"},"content":{"rendered":"<p>Lipid-replenishing, regenerating, moisturizing cream for the face<\/p>\n<p>Cream<\/p>\n<p>\u2022 Reconditioning \u2022 LIPID-REPLENISHING \u2022 REGENERATING<\/p>\n<p>Acting like a shield for the epidermis, Cr\u00e8me Dermo-RL is a complete repairing and regenerating skincare treatment. Its formula is enriched with lipid-replenishing shea butter and cotton oil, NMF (Natural Moisturizing Factor), hydrating hyaluronic acid and protective and reparative agents, to reinject your skin with lipids.<\/p>\n<p>Recommended for Skin Instants\u00a9 that are lacking in lipids and very dehydrated.<\/p>\n<p>Instructions for use<\/p>\n<p>1. Apply a small amount of product in the morning and\/or at night to the entire face, neck and d\u00e9collet\u00e9, after using the milk and the recommended P50 Lotion and the S\u00e9rums Authentiques<\/p>\n<p>Precautions for use<\/p>\n<p>For external use only.<\/p>\n<p>Format<\/p>\n<p>50 ml<\/p>\n<p>As each of our products is designed for a specific Skin Instant\u00a9,<br \/>\nthey are only available after undergoing a skin analysis in one of our Biologique Recherche centers.<\/p>","protected":false},"excerpt":{"rendered":"<p>Lipid-replenishing, regenerating, moisturizing cream for the face<\/p>","protected":false},"featured_media":3594,"template":"","meta":[],"product_brand":[],"product_cat":[33,38],"product_tag":[],"class_list":{"0":"post-3469","1":"product","2":"type-product","3":"status-publish","4":"has-post-thumbnail","6":"product_cat-biologique-recherche","7":"product_cat-intensive-creams","9":"first","10":"instock","11":"taxable","12":"shipping-taxable","13":"product-type-simple"},"acf":[],"aioseo_notices":[],"jetpack_sharing_enabled":true,"_links":{"self":[{"href":"https:\/\/mentale.com.cy\/el\/wp-json\/wp\/v2\/product\/3469","targetHints":{"allow":["GET"]}}],"collection":[{"href":"https:\/\/mentale.com.cy\/el\/wp-json\/wp\/v2\/product"}],"about":[{"href":"https:\/\/mentale.com.cy\/el\/wp-json\/wp\/v2\/types\/product"}],"version-history":[{"count":1,"href":"https:\/\/mentale.com.cy\/el\/wp-json\/wp\/v2\/product\/3469\/revisions"}],"predecessor-version":[{"id":4947,"href":"https:\/\/mentale.com.cy\/el\/wp-json\/wp\/v2\/product\/3469\/revisions\/4947"}],"wp:featuredmedia":[{"embeddable":true,"href":"https:\/\/mentale.com.cy\/el\/wp-json\/wp\/v2\/media\/3594"}],"wp:attachment":[{"href":"https:\/\/mentale.com.cy\/el\/wp-json\/wp\/v2\/media?parent=3469"}],"wp:term":[{"taxonomy":"product_brand","embeddable":true,"href":"https:\/\/mentale.com.cy\/el\/wp-json\/wp\/v2\/product_brand?post=3469"},{"taxonomy":"product_cat","embeddable":true,"href":"https:\/\/mentale.com.cy\/el\/wp-json\/wp\/v2\/product_cat?post=3469"},{"taxonomy":"product_tag","embeddable":true,"href":"https:\/\/mentale.com.cy\/el\/wp-json\/wp\/v2\/product_tag?post=3469"}],"curies":[{"name":"wp","href":"https:\/\/api.w.org\/{rel}","templated":true}]}}