{"id":3471,"date":"2023-09-29T17:51:14","date_gmt":"2023-09-29T15:51:14","guid":{"rendered":"https:\/\/mentale.com.cy\/?post_type=product&#038;p=3471"},"modified":"2025-05-02T11:28:29","modified_gmt":"2025-05-02T09:28:29","slug":"cream-msr-h","status":"publish","type":"product","link":"https:\/\/mentale.com.cy\/el\/shop\/biologique-recherche\/intensive-creams\/cream-msr-h\/","title":{"rendered":"CREAM MSR-H"},"content":{"rendered":"<p>Anti-ageing face cream<\/p>\n<p>Cream<\/p>\n<p>\u2022 MOISTURIZING \u2022 REDENSIFYING \u2022 REGENERATING<\/p>\n<p>Cr\u00e8me MSR-H has a high concentration of active ingredients that target the skin imbalances caused by menopause. Its dermo-regenerating formula acts to redensify skin tissue, making it firmer and more elastic. Wrinkles and fine lines are smoothed out as skin regains its plumpness. Giving intense and lasting hydration, Cr\u00e8me MSR-H combats the skin dryness that can be a common complaint at this time of life.<\/p>\n<p>Recommended for pre- or post-menopausal Skin Instants\u00a9.<\/p>\n<p>Instructions for use<\/p>\n<p>1. Apply a small amount of product in the morning and\/or at night to the entire face, neck and d\u00e9collet\u00e9, after using the milk and the recommended P50 Lotion and the S\u00e9rums Authentiques<\/p>\n<p>Precautions for use<\/p>\n<p>Avoid the area around the eyes. Do not use on children under 3. For external use only.<\/p>\n<p>Format<\/p>\n<p>50 ml<\/p>\n<p>As each of our products is designed for a specific Skin Instant\u00a9,<br \/>\nthey are only available after undergoing a skin analysis in one of our Biologique Recherche centers.<\/p>","protected":false},"excerpt":{"rendered":"<p>Anti-ageing face cream<\/p>","protected":false},"featured_media":3572,"template":"","meta":[],"product_brand":[],"product_cat":[33,38],"product_tag":[],"class_list":{"0":"post-3471","1":"product","2":"type-product","3":"status-publish","4":"has-post-thumbnail","6":"product_cat-biologique-recherche","7":"product_cat-intensive-creams","9":"first","10":"instock","11":"taxable","12":"shipping-taxable","13":"product-type-simple"},"acf":[],"aioseo_notices":[],"jetpack_sharing_enabled":true,"_links":{"self":[{"href":"https:\/\/mentale.com.cy\/el\/wp-json\/wp\/v2\/product\/3471","targetHints":{"allow":["GET"]}}],"collection":[{"href":"https:\/\/mentale.com.cy\/el\/wp-json\/wp\/v2\/product"}],"about":[{"href":"https:\/\/mentale.com.cy\/el\/wp-json\/wp\/v2\/types\/product"}],"version-history":[{"count":2,"href":"https:\/\/mentale.com.cy\/el\/wp-json\/wp\/v2\/product\/3471\/revisions"}],"predecessor-version":[{"id":4948,"href":"https:\/\/mentale.com.cy\/el\/wp-json\/wp\/v2\/product\/3471\/revisions\/4948"}],"wp:featuredmedia":[{"embeddable":true,"href":"https:\/\/mentale.com.cy\/el\/wp-json\/wp\/v2\/media\/3572"}],"wp:attachment":[{"href":"https:\/\/mentale.com.cy\/el\/wp-json\/wp\/v2\/media?parent=3471"}],"wp:term":[{"taxonomy":"product_brand","embeddable":true,"href":"https:\/\/mentale.com.cy\/el\/wp-json\/wp\/v2\/product_brand?post=3471"},{"taxonomy":"product_cat","embeddable":true,"href":"https:\/\/mentale.com.cy\/el\/wp-json\/wp\/v2\/product_cat?post=3471"},{"taxonomy":"product_tag","embeddable":true,"href":"https:\/\/mentale.com.cy\/el\/wp-json\/wp\/v2\/product_tag?post=3471"}],"curies":[{"name":"wp","href":"https:\/\/api.w.org\/{rel}","templated":true}]}}