{"id":3473,"date":"2023-09-29T17:51:14","date_gmt":"2023-09-29T15:51:14","guid":{"rendered":"https:\/\/mentale.com.cy\/?post_type=product&#038;p=3473"},"modified":"2025-05-02T11:28:50","modified_gmt":"2025-05-02T09:28:50","slug":"la-grande-creme","status":"publish","type":"product","link":"https:\/\/mentale.com.cy\/el\/shop\/biologique-recherche\/intensive-creams\/la-grande-creme\/","title":{"rendered":"LA GRANDE CREME"},"content":{"rendered":"<p>The Ultimate Regeneration<\/p>\n<p>Cream<\/p>\n<p>\u2022 ANTI WRINKLE \u2022 ANTI DARK SPOTS \u2022 PROTECTIVE \u2022 FIRMING \u2022 REGENERATING<\/p>\n<p>A groundbreaking innovation, La Grande Cr\u00e8me tackles all age-related skin concerns. EpigenActiv\u00ae \u201cswitches off\u201d the genes that are involved in the process of skin ageing, to enable the ultimate regeneration. Its active ingredients improve the functional architecture of elastin and collagen fibers, giving a real \u201clifting\u201d and anti-wrinkle effect. Skin on the face is strengthened, its contours are restructured and the complexion is clearer and more even.<\/p>\n<p>Recommended for Skin Instants\u00a9 showing signs of epidermal ageing.<\/p>\n<p>Instructions for use<\/p>\n<p>1. Apply a small amount of product in the morning and\/or at night to the entire face, neck and d\u00e9collet\u00e9, after using the milk and the recommended P50 Lotion and the S\u00e9rums Authentiques<\/p>\n<p>Precautions for use<\/p>\n<p>For external use only.<\/p>\n<p>Format<\/p>\n<p>50 ml<\/p>\n<p>As each of our products is designed for a specific Skin Instant\u00a9,<br \/>\nthey are only available after undergoing a skin analysis in one of our Biologique Recherche centers.<\/p>","protected":false},"excerpt":{"rendered":"<p>The Ultimate Regeneration<\/p>","protected":false},"featured_media":3577,"template":"","meta":[],"product_brand":[],"product_cat":[33,38],"product_tag":[],"class_list":{"0":"post-3473","1":"product","2":"type-product","3":"status-publish","4":"has-post-thumbnail","6":"product_cat-biologique-recherche","7":"product_cat-intensive-creams","9":"first","10":"instock","11":"taxable","12":"shipping-taxable","13":"product-type-simple"},"acf":[],"aioseo_notices":[],"jetpack_sharing_enabled":true,"_links":{"self":[{"href":"https:\/\/mentale.com.cy\/el\/wp-json\/wp\/v2\/product\/3473","targetHints":{"allow":["GET"]}}],"collection":[{"href":"https:\/\/mentale.com.cy\/el\/wp-json\/wp\/v2\/product"}],"about":[{"href":"https:\/\/mentale.com.cy\/el\/wp-json\/wp\/v2\/types\/product"}],"version-history":[{"count":2,"href":"https:\/\/mentale.com.cy\/el\/wp-json\/wp\/v2\/product\/3473\/revisions"}],"predecessor-version":[{"id":4950,"href":"https:\/\/mentale.com.cy\/el\/wp-json\/wp\/v2\/product\/3473\/revisions\/4950"}],"wp:featuredmedia":[{"embeddable":true,"href":"https:\/\/mentale.com.cy\/el\/wp-json\/wp\/v2\/media\/3577"}],"wp:attachment":[{"href":"https:\/\/mentale.com.cy\/el\/wp-json\/wp\/v2\/media?parent=3473"}],"wp:term":[{"taxonomy":"product_brand","embeddable":true,"href":"https:\/\/mentale.com.cy\/el\/wp-json\/wp\/v2\/product_brand?post=3473"},{"taxonomy":"product_cat","embeddable":true,"href":"https:\/\/mentale.com.cy\/el\/wp-json\/wp\/v2\/product_cat?post=3473"},{"taxonomy":"product_tag","embeddable":true,"href":"https:\/\/mentale.com.cy\/el\/wp-json\/wp\/v2\/product_tag?post=3473"}],"curies":[{"name":"wp","href":"https:\/\/api.w.org\/{rel}","templated":true}]}}