{"id":3474,"date":"2023-09-29T17:51:14","date_gmt":"2023-09-29T15:51:14","guid":{"rendered":"https:\/\/mentale.com.cy\/?post_type=product&#038;p=3474"},"modified":"2025-05-02T11:29:23","modified_gmt":"2025-05-02T09:29:23","slug":"cream-dermopurifiante","status":"publish","type":"product","link":"https:\/\/mentale.com.cy\/el\/shop\/biologique-recherche\/specific-creams\/cream-dermopurifiante\/","title":{"rendered":"CREAM DERMOPURIFIANTE"},"content":{"rendered":"<p>Purifying face cream<\/p>\n<p>Cream<\/p>\n<p>\u2022 SOOTHING \u2022 PURIFYING \u2022 SEBO-REGULATING<\/p>\n<p>Cr\u00e8me Dermopurifiante, with its mattifying and astringent properties, is the ultimate sebo-regulating skincare product. As well as acting on sebum production, it purifies the epidermis to rid skin of imperfections like dilated pores, blackheads, microcysts or blackheads \u2013 and prevent them from reappearing. Its soothing active ingredients calm any inflammation that might cause redness, giving the complexion an even appearance.<\/p>\n<p>Recommended for Skin Instants\u00a9 that are prone to seborrhea and acne.<\/p>\n<p>Instructions for use<\/p>\n<p>1. Apply a small amount of product in the morning and\/or at night to the entire face, neck and d\u00e9collet\u00e9, after using the milk and the recommended P50 Lotion and the S\u00e9rums Authentiques<\/p>\n<p>Precautions for use<\/p>\n<p>Do not use on children under 3.<\/p>\n<p>Format<\/p>\n<p>50 ml<\/p>\n<p>As each of our products is designed for a specific Skin Instant\u00a9,<br \/>\nthey are only available after undergoing a skin analysis in one of our Biologique Recherche centers.<\/p>","protected":false},"excerpt":{"rendered":"<p>Purifying face cream<\/p>","protected":false},"featured_media":3579,"template":"","meta":[],"product_brand":[],"product_cat":[33,42],"product_tag":[],"class_list":{"0":"post-3474","1":"product","2":"type-product","3":"status-publish","4":"has-post-thumbnail","6":"product_cat-biologique-recherche","7":"product_cat-specific-creams","9":"first","10":"instock","11":"featured","12":"taxable","13":"shipping-taxable","14":"product-type-simple"},"acf":[],"aioseo_notices":[],"jetpack_sharing_enabled":true,"_links":{"self":[{"href":"https:\/\/mentale.com.cy\/el\/wp-json\/wp\/v2\/product\/3474","targetHints":{"allow":["GET"]}}],"collection":[{"href":"https:\/\/mentale.com.cy\/el\/wp-json\/wp\/v2\/product"}],"about":[{"href":"https:\/\/mentale.com.cy\/el\/wp-json\/wp\/v2\/types\/product"}],"version-history":[{"count":2,"href":"https:\/\/mentale.com.cy\/el\/wp-json\/wp\/v2\/product\/3474\/revisions"}],"predecessor-version":[{"id":3795,"href":"https:\/\/mentale.com.cy\/el\/wp-json\/wp\/v2\/product\/3474\/revisions\/3795"}],"wp:featuredmedia":[{"embeddable":true,"href":"https:\/\/mentale.com.cy\/el\/wp-json\/wp\/v2\/media\/3579"}],"wp:attachment":[{"href":"https:\/\/mentale.com.cy\/el\/wp-json\/wp\/v2\/media?parent=3474"}],"wp:term":[{"taxonomy":"product_brand","embeddable":true,"href":"https:\/\/mentale.com.cy\/el\/wp-json\/wp\/v2\/product_brand?post=3474"},{"taxonomy":"product_cat","embeddable":true,"href":"https:\/\/mentale.com.cy\/el\/wp-json\/wp\/v2\/product_cat?post=3474"},{"taxonomy":"product_tag","embeddable":true,"href":"https:\/\/mentale.com.cy\/el\/wp-json\/wp\/v2\/product_tag?post=3474"}],"curies":[{"name":"wp","href":"https:\/\/api.w.org\/{rel}","templated":true}]}}