{"id":3481,"date":"2023-09-29T17:51:15","date_gmt":"2023-09-29T15:51:15","guid":{"rendered":"https:\/\/mentale.com.cy\/?post_type=product&#038;p=3481"},"modified":"2025-05-02T11:30:37","modified_gmt":"2025-05-02T09:30:37","slug":"cream-pigm-400","status":"publish","type":"product","link":"https:\/\/mentale.com.cy\/el\/shop\/biologique-recherche\/specific-creams\/cream-pigm-400\/","title":{"rendered":"CREAM PIGM 400"},"content":{"rendered":"<p>Brightening and pigment spot-correcting face cream<\/p>\n<p>Cream<\/p>\n<p>\u2022 ANTI DARK SPOTS \u2022 PROTECTIVE \u2022 BRIGHTENING<\/p>\n<p>Cr\u00e8me PIGM 400 is a concentrate of active ingredients that brightens and protects skin, while reducing the appearance of dark spots. It is specially formulated as both a preventive and corrective treatment, helping reduce the intensity of existing pigment spots and prevent the appearance of new blemishes. The complexion becomes more radiant, and skin is more uniform.<\/p>\n<p>Recommended for dull Skin Instants\u00a9 with uneven pigmentation.<\/p>\n<p>Instructions for use<\/p>\n<p>1. Apply a small amount of product in the morning and\/or at night to the entire face, neck and d\u00e9collet\u00e9, after using the milk and the recommended P50 Lotion and the S\u00e9rums Authentiques<\/p>\n<p>Precautions for use<\/p>\n<p>Protect skin from the sun while using the product. For external use only.<\/p>\n<p>Format<\/p>\n<p>50 ml<\/p>\n<p>As each of our products is designed for a specific Skin Instant\u00a9,<br \/>\nthey are only available after undergoing a skin analysis in one of our Biologique Recherche centers.<\/p>","protected":false},"excerpt":{"rendered":"<p>Brightening and pigment spot-correcting face cream<\/p>","protected":false},"featured_media":3562,"template":"","meta":[],"product_brand":[],"product_cat":[33,42],"product_tag":[],"class_list":{"0":"post-3481","1":"product","2":"type-product","3":"status-publish","4":"has-post-thumbnail","6":"product_cat-biologique-recherche","7":"product_cat-specific-creams","9":"first","10":"instock","11":"taxable","12":"shipping-taxable","13":"product-type-simple"},"acf":[],"aioseo_notices":[],"jetpack_sharing_enabled":true,"_links":{"self":[{"href":"https:\/\/mentale.com.cy\/el\/wp-json\/wp\/v2\/product\/3481","targetHints":{"allow":["GET"]}}],"collection":[{"href":"https:\/\/mentale.com.cy\/el\/wp-json\/wp\/v2\/product"}],"about":[{"href":"https:\/\/mentale.com.cy\/el\/wp-json\/wp\/v2\/types\/product"}],"version-history":[{"count":2,"href":"https:\/\/mentale.com.cy\/el\/wp-json\/wp\/v2\/product\/3481\/revisions"}],"predecessor-version":[{"id":4954,"href":"https:\/\/mentale.com.cy\/el\/wp-json\/wp\/v2\/product\/3481\/revisions\/4954"}],"wp:featuredmedia":[{"embeddable":true,"href":"https:\/\/mentale.com.cy\/el\/wp-json\/wp\/v2\/media\/3562"}],"wp:attachment":[{"href":"https:\/\/mentale.com.cy\/el\/wp-json\/wp\/v2\/media?parent=3481"}],"wp:term":[{"taxonomy":"product_brand","embeddable":true,"href":"https:\/\/mentale.com.cy\/el\/wp-json\/wp\/v2\/product_brand?post=3481"},{"taxonomy":"product_cat","embeddable":true,"href":"https:\/\/mentale.com.cy\/el\/wp-json\/wp\/v2\/product_cat?post=3481"},{"taxonomy":"product_tag","embeddable":true,"href":"https:\/\/mentale.com.cy\/el\/wp-json\/wp\/v2\/product_tag?post=3481"}],"curies":[{"name":"wp","href":"https:\/\/api.w.org\/{rel}","templated":true}]}}