{"id":3483,"date":"2023-09-29T17:51:15","date_gmt":"2023-09-29T15:51:15","guid":{"rendered":"https:\/\/mentale.com.cy\/?post_type=product&#038;p=3483"},"modified":"2025-05-02T11:31:18","modified_gmt":"2025-05-02T09:31:18","slug":"emulsion-gel-bio-sensible","status":"publish","type":"product","link":"https:\/\/mentale.com.cy\/el\/shop\/biologique-recherche\/specific-creams\/emulsion-gel-bio-sensible\/","title":{"rendered":"EMULSION GEL BIO SENSIBLE"},"content":{"rendered":"<p>Soothing and moisturizing gel for the face<\/p>\n<p>Emulsion<\/p>\n<p>\u2022 SOOTHING \u2022 MOISTURIZING \u2022 LIPID-REPLENISHING<\/p>\n<p>Emulsion Gel Biosensible calms and alleviates skin discomfort thanks to its soothing and hydrating active ingredients. This gel brings immediate relief to fragile or weakened skin, restoring a radiant complexion.<\/p>\n<p>Recommended for sensitive, reactive or damaged Skin Instants\u00a9.<\/p>\n<p>Instructions for use<\/p>\n<p>1. Apply a small amount of product in the morning and\/or at night to the entire face, neck and d\u00e9collet\u00e9, after using the milk and the recommended P50 Lotion and the S\u00e9rums Authentiques<\/p>\n<p>Precautions for use<\/p>\n<p>Avoid the area around the eyes. Do not use on balanced or seborrhea-prone skin. For external use only.<\/p>\n<p>Format<\/p>\n<p>50 ml<\/p>\n<p>As each of our products is designed for a specific Skin Instant\u00a9,<br \/>\nthey are only available after undergoing a skin analysis in one of our Biologique Recherche centers.<\/p>","protected":false},"excerpt":{"rendered":"<p>Soothing and moisturizing gel for the face<\/p>","protected":false},"featured_media":3566,"template":"","meta":[],"product_brand":[],"product_cat":[33,42],"product_tag":[],"class_list":{"0":"post-3483","1":"product","2":"type-product","3":"status-publish","4":"has-post-thumbnail","6":"product_cat-biologique-recherche","7":"product_cat-specific-creams","9":"first","10":"instock","11":"taxable","12":"shipping-taxable","13":"product-type-simple"},"acf":[],"aioseo_notices":[],"jetpack_sharing_enabled":true,"_links":{"self":[{"href":"https:\/\/mentale.com.cy\/el\/wp-json\/wp\/v2\/product\/3483","targetHints":{"allow":["GET"]}}],"collection":[{"href":"https:\/\/mentale.com.cy\/el\/wp-json\/wp\/v2\/product"}],"about":[{"href":"https:\/\/mentale.com.cy\/el\/wp-json\/wp\/v2\/types\/product"}],"version-history":[{"count":2,"href":"https:\/\/mentale.com.cy\/el\/wp-json\/wp\/v2\/product\/3483\/revisions"}],"predecessor-version":[{"id":4956,"href":"https:\/\/mentale.com.cy\/el\/wp-json\/wp\/v2\/product\/3483\/revisions\/4956"}],"wp:featuredmedia":[{"embeddable":true,"href":"https:\/\/mentale.com.cy\/el\/wp-json\/wp\/v2\/media\/3566"}],"wp:attachment":[{"href":"https:\/\/mentale.com.cy\/el\/wp-json\/wp\/v2\/media?parent=3483"}],"wp:term":[{"taxonomy":"product_brand","embeddable":true,"href":"https:\/\/mentale.com.cy\/el\/wp-json\/wp\/v2\/product_brand?post=3483"},{"taxonomy":"product_cat","embeddable":true,"href":"https:\/\/mentale.com.cy\/el\/wp-json\/wp\/v2\/product_cat?post=3483"},{"taxonomy":"product_tag","embeddable":true,"href":"https:\/\/mentale.com.cy\/el\/wp-json\/wp\/v2\/product_tag?post=3483"}],"curies":[{"name":"wp","href":"https:\/\/api.w.org\/{rel}","templated":true}]}}