{"id":3484,"date":"2023-09-29T17:51:15","date_gmt":"2023-09-29T15:51:15","guid":{"rendered":"https:\/\/mentale.com.cy\/?post_type=product&#038;p=3484"},"modified":"2025-05-02T11:31:27","modified_gmt":"2025-05-02T09:31:27","slug":"emulsion-gel-biosensible-s-r","status":"publish","type":"product","link":"https:\/\/mentale.com.cy\/el\/shop\/biologique-recherche\/specific-creams\/emulsion-gel-biosensible-s-r\/","title":{"rendered":"EMULSION GEL BIOSENSIBLE S.R."},"content":{"rendered":"<p>Soothing and sebo-regulating gel for the face<\/p>\n<p>Emulsion<\/p>\n<p>\u2022 SOOTHING \u2022 MOISTURIZING \u2022 SEBO-REGULATING<\/p>\n<p>Emulsion Gel Biosensible S.R. instantly calms skin discomfort while also smoothing its surface texture. This gel acts on two fronts, both alleviating skin sensitivity and reducing imperfections. Use of this non-comedogenic product leaves the complexion looking even, mattified and rested.<\/p>\n<p>Recommended for sensitive Skin Instants\u00a9 that are prone to seborrhea.<\/p>\n<p>Instructions for use<\/p>\n<p>1. Apply a small amount of product in the morning and\/or at night to the entire face, neck and d\u00e9collet\u00e9, after using the milk and the recommended P50 Lotion and the S\u00e9rums Authentiques<\/p>\n<p>Precautions for use<\/p>\n<p>Avoid contact with the eyes and be careful when applying to the area around the eyes. Recommended for sensitive Skin Instants\u00a9 that are prone to seborrhea. For external use only.<\/p>\n<p>Format<\/p>\n<p>50 ml<\/p>\n<p>As each of our products is designed for a specific Skin Instant\u00a9,<br \/>\nthey are only available after undergoing a skin analysis in one of our Biologique Recherche centers.<\/p>","protected":false},"excerpt":{"rendered":"<p>Soothing and sebo-regulating gel for the face<\/p>","protected":false},"featured_media":3565,"template":"","meta":[],"product_brand":[],"product_cat":[33,42],"product_tag":[],"class_list":{"0":"post-3484","1":"product","2":"type-product","3":"status-publish","4":"has-post-thumbnail","6":"product_cat-biologique-recherche","7":"product_cat-specific-creams","9":"first","10":"instock","11":"taxable","12":"shipping-taxable","13":"product-type-simple"},"acf":[],"aioseo_notices":[],"jetpack_sharing_enabled":true,"_links":{"self":[{"href":"https:\/\/mentale.com.cy\/el\/wp-json\/wp\/v2\/product\/3484","targetHints":{"allow":["GET"]}}],"collection":[{"href":"https:\/\/mentale.com.cy\/el\/wp-json\/wp\/v2\/product"}],"about":[{"href":"https:\/\/mentale.com.cy\/el\/wp-json\/wp\/v2\/types\/product"}],"version-history":[{"count":1,"href":"https:\/\/mentale.com.cy\/el\/wp-json\/wp\/v2\/product\/3484\/revisions"}],"predecessor-version":[{"id":4957,"href":"https:\/\/mentale.com.cy\/el\/wp-json\/wp\/v2\/product\/3484\/revisions\/4957"}],"wp:featuredmedia":[{"embeddable":true,"href":"https:\/\/mentale.com.cy\/el\/wp-json\/wp\/v2\/media\/3565"}],"wp:attachment":[{"href":"https:\/\/mentale.com.cy\/el\/wp-json\/wp\/v2\/media?parent=3484"}],"wp:term":[{"taxonomy":"product_brand","embeddable":true,"href":"https:\/\/mentale.com.cy\/el\/wp-json\/wp\/v2\/product_brand?post=3484"},{"taxonomy":"product_cat","embeddable":true,"href":"https:\/\/mentale.com.cy\/el\/wp-json\/wp\/v2\/product_cat?post=3484"},{"taxonomy":"product_tag","embeddable":true,"href":"https:\/\/mentale.com.cy\/el\/wp-json\/wp\/v2\/product_tag?post=3484"}],"curies":[{"name":"wp","href":"https:\/\/api.w.org\/{rel}","templated":true}]}}