{"id":3485,"date":"2023-09-29T17:51:15","date_gmt":"2023-09-29T15:51:15","guid":{"rendered":"https:\/\/mentale.com.cy\/?post_type=product&#038;p=3485"},"modified":"2025-05-02T11:31:40","modified_gmt":"2025-05-02T09:31:40","slug":"creme-verte-espoir-a-r","status":"publish","type":"product","link":"https:\/\/mentale.com.cy\/el\/shop\/biologique-recherche\/specific-creams\/creme-verte-espoir-a-r\/","title":{"rendered":"CR\u00c8ME VERTE ESPOIR A.R"},"content":{"rendered":"<p>Soothing face cream<\/p>\n<p>Cream<\/p>\n<p>\u2022 ANTI REDNESS \u2022 PROTECTIVE \u2022 LIPID-REPLENISHING<\/p>\n<p>Ideal for tackling redness on the face, Cr\u00e8me Verte Espoir A.R. prevents and reduces the signs of rosacea. It acts on broken capillaries, visibly reducing their appearance to decrease the extent and intensity of chronic redness. The sensitive skin reactions that cause occasional patches of redness are also subdued. Fragile and reactive skin feels instantly soothed, and the complexion regains a more uniform appearance.<\/p>\n<p>Recommended for Skin Instants\u00a9 with erythro-rosacea.<\/p>\n<p>Instructions for use<\/p>\n<p>1. Apply a small amount of product in the morning and\/or at night to the entire face, neck and d\u00e9collet\u00e9, after using the milk and the recommended P50 Lotion and the S\u00e9rums Authentiques.<\/p>\n<p>Precautions for use<\/p>\n<p>Avoid the area around the eyes. For external use only.<\/p>\n<p>Format<\/p>\n<p>50ml<\/p>\n<p>As each of our products is designed for a specific Skin Instant\u00a9,<br \/>\nthey are only available after undergoing a skin analysis in one of our Biologique Recherche centers.<\/p>","protected":false},"excerpt":{"rendered":"<p>Soothing face cream<\/p>","protected":false},"featured_media":3569,"template":"","meta":[],"product_brand":[],"product_cat":[33,42],"product_tag":[],"class_list":{"0":"post-3485","1":"product","2":"type-product","3":"status-publish","4":"has-post-thumbnail","6":"product_cat-biologique-recherche","7":"product_cat-specific-creams","9":"first","10":"instock","11":"taxable","12":"shipping-taxable","13":"product-type-simple"},"acf":[],"aioseo_notices":[],"jetpack_sharing_enabled":true,"_links":{"self":[{"href":"https:\/\/mentale.com.cy\/el\/wp-json\/wp\/v2\/product\/3485","targetHints":{"allow":["GET"]}}],"collection":[{"href":"https:\/\/mentale.com.cy\/el\/wp-json\/wp\/v2\/product"}],"about":[{"href":"https:\/\/mentale.com.cy\/el\/wp-json\/wp\/v2\/types\/product"}],"version-history":[{"count":1,"href":"https:\/\/mentale.com.cy\/el\/wp-json\/wp\/v2\/product\/3485\/revisions"}],"predecessor-version":[{"id":4958,"href":"https:\/\/mentale.com.cy\/el\/wp-json\/wp\/v2\/product\/3485\/revisions\/4958"}],"wp:featuredmedia":[{"embeddable":true,"href":"https:\/\/mentale.com.cy\/el\/wp-json\/wp\/v2\/media\/3569"}],"wp:attachment":[{"href":"https:\/\/mentale.com.cy\/el\/wp-json\/wp\/v2\/media?parent=3485"}],"wp:term":[{"taxonomy":"product_brand","embeddable":true,"href":"https:\/\/mentale.com.cy\/el\/wp-json\/wp\/v2\/product_brand?post=3485"},{"taxonomy":"product_cat","embeddable":true,"href":"https:\/\/mentale.com.cy\/el\/wp-json\/wp\/v2\/product_cat?post=3485"},{"taxonomy":"product_tag","embeddable":true,"href":"https:\/\/mentale.com.cy\/el\/wp-json\/wp\/v2\/product_tag?post=3485"}],"curies":[{"name":"wp","href":"https:\/\/api.w.org\/{rel}","templated":true}]}}