{"id":3695,"date":"2023-10-02T08:23:50","date_gmt":"2023-10-02T06:23:50","guid":{"rendered":"https:\/\/mentale.com.cy\/?post_type=product&#038;p=3695"},"modified":"2023-10-04T22:36:01","modified_gmt":"2023-10-04T20:36:01","slug":"precious-aromas","status":"publish","type":"product","link":"https:\/\/mentale.com.cy\/el\/shop\/senteales\/even-complexion-tonifying-radiance\/precious-aromas\/","title":{"rendered":"PRECIOUS AROMAS"},"content":{"rendered":"<p>The synergetic combination of lemongrass, pink peppercorn, cinnamon, lavender and bitter almond essential oils help keep skin tone pale and fresh. Used together, AR\u00d4MES PR\u00c9CIEUX efficiently supports the active ingredients in the LIGHTENING CREAM for perfect tone and natural radiance. AR\u00d4MES PR\u00c9CIEUX for radiant skin.<\/p>\n<div class=\"tab-content\">\n<div id=\"tab-description\" class=\"tab-pane active\">\n<p>Ref. 132 &#8211; Flacon verre &#8211; Glass bottle 15ml<\/p>\n<\/div>\n<\/div>","protected":false},"excerpt":{"rendered":"<p>The synergetic combination of lemongrass, pink peppercorn, cinnamon, lavender and bitter almond essential oils help keep skin tone pale and fresh.<\/p>","protected":false},"featured_media":3696,"template":"","meta":[],"product_brand":[],"product_cat":[48,45],"product_tag":[],"class_list":{"0":"post-3695","1":"product","2":"type-product","3":"status-publish","4":"has-post-thumbnail","6":"product_cat-even-complexion-tonifying-radiance","7":"product_cat-senteales","9":"first","10":"instock","11":"taxable","12":"shipping-taxable","13":"product-type-simple"},"acf":[],"aioseo_notices":[],"jetpack_sharing_enabled":true,"_links":{"self":[{"href":"https:\/\/mentale.com.cy\/el\/wp-json\/wp\/v2\/product\/3695","targetHints":{"allow":["GET"]}}],"collection":[{"href":"https:\/\/mentale.com.cy\/el\/wp-json\/wp\/v2\/product"}],"about":[{"href":"https:\/\/mentale.com.cy\/el\/wp-json\/wp\/v2\/types\/product"}],"version-history":[{"count":1,"href":"https:\/\/mentale.com.cy\/el\/wp-json\/wp\/v2\/product\/3695\/revisions"}],"predecessor-version":[{"id":3810,"href":"https:\/\/mentale.com.cy\/el\/wp-json\/wp\/v2\/product\/3695\/revisions\/3810"}],"wp:featuredmedia":[{"embeddable":true,"href":"https:\/\/mentale.com.cy\/el\/wp-json\/wp\/v2\/media\/3696"}],"wp:attachment":[{"href":"https:\/\/mentale.com.cy\/el\/wp-json\/wp\/v2\/media?parent=3695"}],"wp:term":[{"taxonomy":"product_brand","embeddable":true,"href":"https:\/\/mentale.com.cy\/el\/wp-json\/wp\/v2\/product_brand?post=3695"},{"taxonomy":"product_cat","embeddable":true,"href":"https:\/\/mentale.com.cy\/el\/wp-json\/wp\/v2\/product_cat?post=3695"},{"taxonomy":"product_tag","embeddable":true,"href":"https:\/\/mentale.com.cy\/el\/wp-json\/wp\/v2\/product_tag?post=3695"}],"curies":[{"name":"wp","href":"https:\/\/api.w.org\/{rel}","templated":true}]}}